{"id":37,"date":"2026-01-23T19:57:50","date_gmt":"2026-01-23T18:57:50","guid":{"rendered":"https:\/\/www.tobel-und-moen.de\/?page_id=37"},"modified":"2026-01-29T19:30:09","modified_gmt":"2026-01-29T18:30:09","slug":"datenschutzerklaerung","status":"publish","type":"page","link":"https:\/\/www.tobel-und-moen.de\/?page_id=37","title":{"rendered":"Datenschutzerkl\u00e4rung"},"content":{"rendered":"\n<p class=\"has-large-font-size\"><strong>Datenschutzerkl\u00e4rung<\/strong><\/p>\n\n\n\n<p class=\"has-medium-font-size\">1. Verantwortlicher<\/p>\n\n\n\n<p class=\"has-medium-font-size\">Christoph Korn<br>Dorfstr. 18<br>54595 Watzerath<\/p>\n\n\n\n<p class=\"has-medium-font-size\">2. Allgemeine Hinweise<\/p>\n\n\n\n<p class=\"has-medium-font-size\">Der Schutz Ihrer pers\u00f6nlichen Daten ist mir ein wichtiges Anliegen. Ich behandle Ihre personenbezogenen Daten vertraulich und entsprechend den gesetzlichen Datenschutzvorschriften sowie dieser Datenschutzerkl\u00e4rung.<\/p>\n\n\n\n<p class=\"has-medium-font-size\">3. Erhebung und Speicherung personenbezogener Daten beim Besuch der Website<\/p>\n\n\n\n<p class=\"has-medium-font-size\">Beim Aufrufen dieser Website werden durch den Hosting-Anbieter automatisch Informationen in sogenannten Server-Logfiles erhoben und gespeichert.<\/p>\n\n\n\n<p class=\"has-medium-font-size\">4. Hosting<\/p>\n\n\n\n<p class=\"has-medium-font-size\">Diese Website wird bei folgendem Anbieter gehostet:<\/p>\n\n\n\n<p class=\"has-medium-font-size\">Goneo Internet GmbH<\/p>\n\n\n\n<p class=\"has-medium-font-size\">5. Kontaktaufnahme<\/p>\n\n\n\n<p class=\"has-medium-font-size\">Wenn Sie mich per E-Mail oder \u00fcber ein Kontaktformular kontaktieren, werden Ihre Angaben zur Bearbeitung der Anfrage gespeichert.<\/p>\n\n\n\n<p class=\"has-medium-font-size\">6. Cookies<\/p>\n\n\n\n<p class=\"has-medium-font-size\">Diese Website verwendet nur technisch notwendige Cookies.<\/p>\n\n\n\n<p class=\"has-medium-font-size\">7. Eingebettete Inhalte von Drittanbietern<\/p>\n\n\n\n<p class=\"has-medium-font-size\">Sofern Inhalte von Drittanbietern eingebunden sind, k\u00f6nnen personenbezogene Daten verarbeitet werden.<\/p>\n\n\n\n<p class=\"has-medium-font-size\">8. Urheberrecht<\/p>\n\n\n\n<p class=\"has-medium-font-size\">Alle auf dieser Website ver\u00f6ffentlichten Inhalte, insbesondere&nbsp;<strong>Kunstwerke, Bilder, Fotografien, Videos, Texte und Konzepte<\/strong>, unterliegen dem&nbsp;<strong>Urheberrecht<\/strong>.<\/p>\n\n\n\n<p class=\"has-medium-font-size\">Jegliche Vervielf\u00e4ltigung, Bearbeitung, Verbreitung oder Nutzung au\u00dferhalb der Grenzen des Urheberrechts bedarf der&nbsp;<strong>ausdr\u00fccklichen schriftlichen Zustimmung<\/strong>&nbsp;des Urhebers.<br>Dies gilt auch f\u00fcr digitale Nutzung, KI-Training, NFTs, Screenshots und Social-Media-Verwendung.<\/p>\n\n\n\n<p class=\"has-medium-font-size\">9. Ihre Rechte<\/p>\n\n\n\n<p class=\"has-medium-font-size\">Sie haben das Recht auf Auskunft, Berichtigung, L\u00f6schung, Einschr\u00e4nkung der Verarbeitung, Daten\u00fcbertragbarkeit und Widerspruch.<\/p>\n\n\n\n<p class=\"has-medium-font-size\">10. Beschwerderecht<\/p>\n\n\n\n<p class=\"has-medium-font-size\">Sie haben das Recht, sich bei einer Datenschutz-Aufsichtsbeh\u00f6rde zu beschweren.<\/p>\n\n\n\n<p><\/p>\n","protected":false},"excerpt":{"rendered":"<p>Datenschutzerkl\u00e4rung 1. Verantwortlicher Christoph KornDorfstr. 1854595 Watzerath 2. Allgemeine Hinweise Der Schutz Ihrer pers\u00f6nlichen Daten ist mir ein wichtiges Anliegen. Ich behandle Ihre personenbezogenen Daten vertraulich und entsprechend den gesetzlichen Datenschutzvorschriften sowie dieser Datenschutzerkl\u00e4rung. 3. Erhebung und Speicherung personenbezogener Daten beim Besuch der Website Beim Aufrufen dieser Website werden durch den Hosting-Anbieter automatisch Informationen in [&hellip;]<\/p>\n","protected":false},"author":1,"featured_media":0,"parent":0,"menu_order":0,"comment_status":"closed","ping_status":"closed","template":"","meta":{"footnotes":""},"class_list":["post-37","page","type-page","status-publish","hentry"],"_links":{"self":[{"href":"https:\/\/www.tobel-und-moen.de\/index.php?rest_route=\/wp\/v2\/pages\/37","targetHints":{"allow":["GET"]}}],"collection":[{"href":"https:\/\/www.tobel-und-moen.de\/index.php?rest_route=\/wp\/v2\/pages"}],"about":[{"href":"https:\/\/www.tobel-und-moen.de\/index.php?rest_route=\/wp\/v2\/types\/page"}],"author":[{"embeddable":true,"href":"https:\/\/www.tobel-und-moen.de\/index.php?rest_route=\/wp\/v2\/users\/1"}],"replies":[{"embeddable":true,"href":"https:\/\/www.tobel-und-moen.de\/index.php?rest_route=%2Fwp%2Fv2%2Fcomments&post=37"}],"version-history":[{"count":3,"href":"https:\/\/www.tobel-und-moen.de\/index.php?rest_route=\/wp\/v2\/pages\/37\/revisions"}],"predecessor-version":[{"id":192,"href":"https:\/\/www.tobel-und-moen.de\/index.php?rest_route=\/wp\/v2\/pages\/37\/revisions\/192"}],"wp:attachment":[{"href":"https:\/\/www.tobel-und-moen.de\/index.php?rest_route=%2Fwp%2Fv2%2Fmedia&parent=37"}],"curies":[{"name":"wp","href":"https:\/\/api.w.org\/{rel}","templated":true}]}}