{"id":33,"date":"2026-01-23T19:56:41","date_gmt":"2026-01-23T18:56:41","guid":{"rendered":"https:\/\/www.tobel-und-moen.de\/?page_id=33"},"modified":"2026-01-29T00:26:50","modified_gmt":"2026-01-28T23:26:50","slug":"impressum","status":"publish","type":"page","link":"https:\/\/www.tobel-und-moen.de\/?page_id=33","title":{"rendered":"Impressum"},"content":{"rendered":"\n<p class=\"has-medium-font-size\"><strong>Impressum<\/strong><\/p>\n\n\n\n<p class=\"has-medium-font-size\">Angaben gem\u00e4\u00df \u00a7 5 TMG<\/p>\n\n\n\n<p class=\"has-medium-font-size\">Christoph Korn<br>Dorfstr. 18<br>54595 Watzerath <br><br>Verantwortlich f\u00fcr den Inhalt nach \u00a7 55 Abs. 2 RStV:<\/p>\n\n\n\n<p class=\"has-medium-font-size\">Christoph Korn<br>Dorfstr. 18<br>54594 Watzerath<\/p>\n\n\n\n<p class=\"has-medium-font-size\">Haftung f\u00fcr Inhalte:<\/p>\n\n\n\n<p class=\"has-medium-font-size\">Als Diensteanbieter bin ich gem\u00e4\u00df \u00a7 7 Abs.1 TMG f\u00fcr eigene Inhalte auf diesen Seiten nach den allgemeinen Gesetzen verantwortlich.<\/p>\n\n\n\n<p class=\"has-medium-font-size\">Haftung f\u00fcr Links:<\/p>\n\n\n\n<p class=\"has-medium-font-size\">Meine Website enth\u00e4lt ggf. Links zu externen Websites Dritter, auf deren Inhalte ich keinen Einfluss habe.<\/p>\n\n\n\n<p class=\"has-medium-font-size\">Urheberrecht:<\/p>\n\n\n\n<p class=\"has-medium-font-size\">Die durch den Seitenbetreiber erstellten Inhalte und Werke auf diesen Seiten unterliegen dem deutschen Urheberrecht.<\/p>\n","protected":false},"excerpt":{"rendered":"<p>Impressum Angaben gem\u00e4\u00df \u00a7 5 TMG Christoph KornDorfstr. 1854595 Watzerath Verantwortlich f\u00fcr den Inhalt nach \u00a7 55 Abs. 2 RStV: Christoph KornDorfstr. 1854594 Watzerath Haftung f\u00fcr Inhalte: Als Diensteanbieter bin ich gem\u00e4\u00df \u00a7 7 Abs.1 TMG f\u00fcr eigene Inhalte auf diesen Seiten nach den allgemeinen Gesetzen verantwortlich. Haftung f\u00fcr Links: Meine Website enth\u00e4lt ggf. Links [&hellip;]<\/p>\n","protected":false},"author":1,"featured_media":0,"parent":0,"menu_order":0,"comment_status":"closed","ping_status":"closed","template":"","meta":{"footnotes":""},"class_list":["post-33","page","type-page","status-publish","hentry"],"_links":{"self":[{"href":"https:\/\/www.tobel-und-moen.de\/index.php?rest_route=\/wp\/v2\/pages\/33","targetHints":{"allow":["GET"]}}],"collection":[{"href":"https:\/\/www.tobel-und-moen.de\/index.php?rest_route=\/wp\/v2\/pages"}],"about":[{"href":"https:\/\/www.tobel-und-moen.de\/index.php?rest_route=\/wp\/v2\/types\/page"}],"author":[{"embeddable":true,"href":"https:\/\/www.tobel-und-moen.de\/index.php?rest_route=\/wp\/v2\/users\/1"}],"replies":[{"embeddable":true,"href":"https:\/\/www.tobel-und-moen.de\/index.php?rest_route=%2Fwp%2Fv2%2Fcomments&post=33"}],"version-history":[{"count":5,"href":"https:\/\/www.tobel-und-moen.de\/index.php?rest_route=\/wp\/v2\/pages\/33\/revisions"}],"predecessor-version":[{"id":177,"href":"https:\/\/www.tobel-und-moen.de\/index.php?rest_route=\/wp\/v2\/pages\/33\/revisions\/177"}],"wp:attachment":[{"href":"https:\/\/www.tobel-und-moen.de\/index.php?rest_route=%2Fwp%2Fv2%2Fmedia&parent=33"}],"curies":[{"name":"wp","href":"https:\/\/api.w.org\/{rel}","templated":true}]}}