{"id":17,"date":"2026-01-23T19:41:21","date_gmt":"2026-01-23T18:41:21","guid":{"rendered":"https:\/\/www.tobel-und-moen.de\/?page_id=17"},"modified":"2026-01-28T12:27:23","modified_gmt":"2026-01-28T11:27:23","slug":"ueber","status":"publish","type":"page","link":"https:\/\/www.tobel-und-moen.de\/?page_id=17","title":{"rendered":"\u00dcber"},"content":{"rendered":"\n<p>Nach gut 55 Jahren Leben in den verschiedensten St\u00e4dten, sind wir -die K\u00fcnstlerin <a href=\"https:\/\/www.anne-wissmann.de\/\">Anne Wissmann<\/a> und der K\u00fcnstler <a href=\"https:\/\/de.wikipedia.org\/wiki\/Christoph_Korn\" data-type=\"link\" data-id=\"https:\/\/de.wikipedia.org\/wiki\/Christoph_Korn\">Christoph Korn<\/a>&#8211; 2023 aufs Land gezogen. In der N\u00e4he des St\u00e4dtchens Pr\u00fcm in der Eifel leben wir auf einem ehemaligen Bauernhof, gelegen an einem kleinen Tal (Tobel), durch das der Moenbach (\u201edie Moen\u201c) flie\u00dft. Der Ort ist in den letzten Jahren immer mehr zu einem Ort des H\u00f6rens und des Essens geworden. &#8222;H\u00f6ren&#8220; verstehen wir als ein grundlegendes Moment des In der Welt Seins: Das H\u00f6ren der Welt, das H\u00f6ren des Anderen, das sich selbst H\u00f6ren.<\/p>\n\n\n\n<div style=\"height:100px\" aria-hidden=\"true\" class=\"wp-block-spacer\"><\/div>\n\n\n\n<div style=\"height:0px\" aria-hidden=\"true\" class=\"wp-block-spacer\"><\/div>\n\n\n\n<figure class=\"wp-block-image alignleft size-large\"><img loading=\"lazy\" decoding=\"async\" width=\"1024\" height=\"683\" src=\"https:\/\/www.tobel-und-moen.de\/wp-content\/uploads\/2026\/01\/Korn44-1-1024x683.jpg\" alt=\"\" class=\"wp-image-115\" srcset=\"https:\/\/www.tobel-und-moen.de\/wp-content\/uploads\/2026\/01\/Korn44-1-1024x683.jpg 1024w, https:\/\/www.tobel-und-moen.de\/wp-content\/uploads\/2026\/01\/Korn44-1-300x200.jpg 300w, https:\/\/www.tobel-und-moen.de\/wp-content\/uploads\/2026\/01\/Korn44-1-768x513.jpg 768w, https:\/\/www.tobel-und-moen.de\/wp-content\/uploads\/2026\/01\/Korn44-1-1536x1025.jpg 1536w, https:\/\/www.tobel-und-moen.de\/wp-content\/uploads\/2026\/01\/Korn44-1-2048x1367.jpg 2048w\" sizes=\"auto, (max-width: 1024px) 100vw, 1024px\" \/><figcaption class=\"wp-element-caption\">Familie Korn-Wissmann, D\u00fcsseldorf 2017 \u00a9 Katharina Mayer<\/figcaption><\/figure>\n","protected":false},"excerpt":{"rendered":"<p>Nach gut 55 Jahren Leben in den verschiedensten St\u00e4dten, sind wir -die K\u00fcnstlerin Anne Wissmann und der K\u00fcnstler Christoph Korn&#8211; 2023 aufs Land gezogen. In der N\u00e4he des St\u00e4dtchens Pr\u00fcm in der Eifel leben wir auf einem ehemaligen Bauernhof, gelegen an einem kleinen Tal (Tobel), durch das der Moenbach (\u201edie Moen\u201c) flie\u00dft. Der Ort ist [&hellip;]<\/p>\n","protected":false},"author":1,"featured_media":0,"parent":0,"menu_order":0,"comment_status":"closed","ping_status":"closed","template":"","meta":{"footnotes":""},"class_list":["post-17","page","type-page","status-publish","hentry"],"_links":{"self":[{"href":"https:\/\/www.tobel-und-moen.de\/index.php?rest_route=\/wp\/v2\/pages\/17","targetHints":{"allow":["GET"]}}],"collection":[{"href":"https:\/\/www.tobel-und-moen.de\/index.php?rest_route=\/wp\/v2\/pages"}],"about":[{"href":"https:\/\/www.tobel-und-moen.de\/index.php?rest_route=\/wp\/v2\/types\/page"}],"author":[{"embeddable":true,"href":"https:\/\/www.tobel-und-moen.de\/index.php?rest_route=\/wp\/v2\/users\/1"}],"replies":[{"embeddable":true,"href":"https:\/\/www.tobel-und-moen.de\/index.php?rest_route=%2Fwp%2Fv2%2Fcomments&post=17"}],"version-history":[{"count":31,"href":"https:\/\/www.tobel-und-moen.de\/index.php?rest_route=\/wp\/v2\/pages\/17\/revisions"}],"predecessor-version":[{"id":140,"href":"https:\/\/www.tobel-und-moen.de\/index.php?rest_route=\/wp\/v2\/pages\/17\/revisions\/140"}],"wp:attachment":[{"href":"https:\/\/www.tobel-und-moen.de\/index.php?rest_route=%2Fwp%2Fv2%2Fmedia&parent=17"}],"curies":[{"name":"wp","href":"https:\/\/api.w.org\/{rel}","templated":true}]}}