{"id":15,"date":"2026-01-23T19:41:00","date_gmt":"2026-01-23T18:41:00","guid":{"rendered":"https:\/\/www.tobel-und-moen.de\/?page_id=15"},"modified":"2026-05-15T20:33:24","modified_gmt":"2026-05-15T18:33:24","slug":"essen","status":"publish","type":"page","link":"https:\/\/www.tobel-und-moen.de\/?page_id=15","title":{"rendered":"Essen"},"content":{"rendered":"\n<details class=\"wp-block-details is-layout-flow wp-block-details-is-layout-flow\"><summary><strong>Men\u00fc 2026<\/strong><\/summary>\n<div style=\"height:58px\" aria-hidden=\"true\" class=\"wp-block-spacer\"><\/div>\n\n\n\n<p><\/p>\n\n\n\n<p class=\"has-text-align-center\">Fermentierter Schwarzer Rettich I Roggenvollkornbrot I K\u00fcmmel<\/p>\n\n\n\n<p class=\"has-text-align-center\">***<\/p>\n\n\n\n<p class=\"has-text-align-center\">Wasser (vom Hartkopf) I Kombu Alge I Stein<\/p>\n\n\n\n<p class=\"has-text-align-center\">***<\/p>\n\n\n\n<p class=\"has-text-align-center\">Segen<br><em>(500202 AD &#8211; 500298 AD)<\/em><\/p>\n\n\n\n<p class=\"has-text-align-center\">***<\/p>\n\n\n\n<p class=\"has-text-align-center\">Im Salzteig reduzierte Sellerie I Ruccola I Walln\u00fcsse<\/p>\n\n\n\n<p class=\"has-text-align-center\">***<\/p>\n\n\n\n<p class=\"has-text-align-center\">K\u00fcmmel*<\/p>\n\n\n\n<p class=\"has-text-align-center\">(<em>Dann wird sich die Vergangenheit mit der Gegenwart vers\u00f6hnen und die Gegenwart sich im Vergangenen erkennen)<\/em><\/p>\n\n\n\n<p class=\"has-text-align-center\">***<\/p>\n\n\n\n<p class=\"has-text-align-center\">Im Salzmantel reduzierte Gelbe Bete I Burrata I fermentierte Trauben<\/p>\n\n\n\n<p class=\"has-text-align-center\">***<\/p>\n\n\n\n<p class=\"has-text-align-center\">Isl\u00e4ndisch Moos I&nbsp; Eifler R\u00e4ucherforelle I Apfel I Sud vom fermentierten Steinpilz<\/p>\n\n\n\n<p class=\"has-text-align-center\">***<\/p>\n\n\n\n<p class=\"has-text-align-center\">Wasser I Klang I Zeit<\/p>\n\n\n\n<p class=\"has-text-align-center\">(14\u00b422\u00b4\u00b4)<\/p>\n\n\n\n<p class=\"has-text-align-center\">***<\/p>\n\n\n\n<p class=\"has-text-align-center\">Wildkr\u00e4uter<\/p>\n\n\n\n<p class=\"has-text-align-center\">***<\/p>\n\n\n\n<p class=\"has-text-align-center\">Auberginenb\u00e4llchen<\/p>\n\n\n\n<p class=\"has-text-align-center\">***<\/p>\n\n\n\n<p class=\"has-text-align-center\">Karamelisierter Lakto-Steinpilz I Schokolade<\/p>\n\n\n\n<div style=\"height:61px\" aria-hidden=\"true\" class=\"wp-block-spacer\"><\/div>\n\n\n\n<p class=\"has-text-align-center\"><strong>Weine<\/strong>:<\/p>\n\n\n\n<p class=\"has-text-align-center\">Kiss Kiss Maddies Lips, Bio Ros\u00e9, Pet Nat. Staffelter Hof (Mosel)<\/p>\n\n\n\n<p class=\"has-text-align-center\">R\u00f3zsa Petsovits Bio, Weingut Weninger&nbsp; (Burgenland\/Ungarn)<\/p>\n\n\n\n<p class=\"has-text-align-center\">Abril,Tinto, 2022 Biowein, Weingut Azul y Garanza, Navarra (Spanien)<\/p>\n\n\n\n<p class=\"has-text-align-center\">\u00d6kologischer Land- &amp; Weinbau KRAEMER Johanniter Steillage Muschelkalk Bio 2018 (Franken)<\/p>\n\n\n\n<p class=\"has-text-align-center\">Weingut Fred Loimer, Pet Nat 2022, Kamptal (\u00d6sterreich)<\/p>\n\n\n\n<div style=\"height:45px\" aria-hidden=\"true\" class=\"wp-block-spacer\"><\/div>\n\n\n\n<p class=\"has-text-align-center\"><strong>S\u00e4fte<\/strong>:<\/p>\n\n\n\n<p class=\"has-text-align-center\">Roter Stachelbeernektar, Privatkelterei Van Nahmen (D)<\/p>\n\n\n\n<p class=\"has-text-align-center\">Aroniasaft (Bio), Privatkelterei Van Nahmen (D)<\/p>\n\n\n\n<p class=\"has-text-align-center\">Topaz Apfelsaft (Bio), Privatkelterei Van Nahmen (D)<\/p>\n\n\n\n<p class=\"has-text-align-center\">Direktsaft Apfel, Demeter, Hof Steinich (D)<\/p>\n\n\n\n<div style=\"height:58px\" aria-hidden=\"true\" class=\"wp-block-spacer\"><\/div>\n\n\n\n<p class=\"has-text-align-center\">Wir kochen f\u00fcr alle, die es w\u00fcnschen (max. 8 Personen)<\/p>\n\n\n\n<p class=\"has-text-align-center\">Das Essen hat keinen festen Preis. Am Ende des Men\u00fcs steht ein Hut bereit.<\/p>\n\n\n\n<p class=\"has-text-align-center has-large-font-size\">Kontaktiere uns!<\/p>\n\n\n\n<p class=\"has-text-align-center\">Viele der verwendeten Lebensmittel kommen aus dem eigenen Garten oder von Bio H\u00f6fen der n\u00e4heren Umgebung. So variiert die Men\u00fcabfolge je nachdem, was gerade w\u00e4chst.<\/p>\n\n\n\n<p class=\"has-text-align-center has-small-font-size\"><\/p>\n\n\n\n<p class=\"has-text-align-center has-medium-font-size\"><\/p>\n\n\n\n<div style=\"height:26px\" aria-hidden=\"true\" class=\"wp-block-spacer\"><\/div>\n\n\n\n<p class=\"has-text-align-left has-small-font-size\">*<em>\u201cDer historische Materialist geht an einen geschichtlichen Gegenstand einzig und allein heran, wo er ihm als Monade entgegentritt. In dieser Struktur erkennt er das Zeichen einer messianischen Stillstellung des Geschehens, anders gesagt, einer revolution\u00e4ren Chance im Kampf f\u00fcr die unterdr\u00fcckte Vergangenheit.<\/em>&#8220; (Walter Benjamin)<\/p>\n<\/details>\n\n\n\n<div class=\"wp-block-group is-content-justification-center is-nowrap is-layout-flex wp-container-core-group-is-layout-23441af8 wp-block-group-is-layout-flex\">\n<div style=\"height:108px;width:0px\" aria-hidden=\"true\" class=\"wp-block-spacer wp-container-content-30710614\"><\/div>\n<\/div>\n\n\n\n<p><\/p>\n","protected":false},"excerpt":{"rendered":"","protected":false},"author":1,"featured_media":0,"parent":0,"menu_order":0,"comment_status":"closed","ping_status":"closed","template":"","meta":{"footnotes":""},"class_list":["post-15","page","type-page","status-publish","hentry"],"_links":{"self":[{"href":"https:\/\/www.tobel-und-moen.de\/index.php?rest_route=\/wp\/v2\/pages\/15","targetHints":{"allow":["GET"]}}],"collection":[{"href":"https:\/\/www.tobel-und-moen.de\/index.php?rest_route=\/wp\/v2\/pages"}],"about":[{"href":"https:\/\/www.tobel-und-moen.de\/index.php?rest_route=\/wp\/v2\/types\/page"}],"author":[{"embeddable":true,"href":"https:\/\/www.tobel-und-moen.de\/index.php?rest_route=\/wp\/v2\/users\/1"}],"replies":[{"embeddable":true,"href":"https:\/\/www.tobel-und-moen.de\/index.php?rest_route=%2Fwp%2Fv2%2Fcomments&post=15"}],"version-history":[{"count":61,"href":"https:\/\/www.tobel-und-moen.de\/index.php?rest_route=\/wp\/v2\/pages\/15\/revisions"}],"predecessor-version":[{"id":290,"href":"https:\/\/www.tobel-und-moen.de\/index.php?rest_route=\/wp\/v2\/pages\/15\/revisions\/290"}],"wp:attachment":[{"href":"https:\/\/www.tobel-und-moen.de\/index.php?rest_route=%2Fwp%2Fv2%2Fmedia&parent=15"}],"curies":[{"name":"wp","href":"https:\/\/api.w.org\/{rel}","templated":true}]}}